{"id":120,"date":"2021-01-16T19:33:33","date_gmt":"2021-01-16T18:33:33","guid":{"rendered":"http:\/\/messer-medical.ro\/?post_type=product&#038;p=120"},"modified":"2021-06-02T13:06:04","modified_gmt":"2021-06-02T10:06:04","slug":"nebulizator-aerosan-mm","status":"publish","type":"product","link":"https:\/\/messermedical.ro\/en\/product\/nebulizator-aerosan-mm\/","title":{"rendered":"Nebulizator Aerosan MM"},"content":{"rendered":"<table width=\"1790\">\n<tbody>\n<tr>\n<td width=\"1790\">AEROSAN+ este un dispozitiv medical utilizat pentru tratamentul \u015fi ameliorarea afec\u0163iunilor respiratorii. Este destinat \u00een principal utiliz\u0103rii la domiciliu. AEROSAN+ este prev\u0103zut cu un compresor cu piston care nu necesit\u0103 lubrifiere. Dispozitivul include un filtru de aer care trebuie \u00eenlocuit periodic (la fiecare 70 de utiliz\u0103ri). Este produs \u00een conformitate cu Standardele europene actuale privind produc\u0163ia \u015fi siguran\u0163a echipamentelor electromedicale (EN 60601-1; EN13544-1). AEROSAN+ este furnizat cu urm\u0103toarele accesorii 3A: nebulizator cu dispozitiv bucal, accesoriu nazal, masc\u0103 pediatric\u0103, masc\u0103 adul\u0163i, tub de conectare, filtru.<\/td>\n<\/tr>\n<\/tbody>\n<\/table>\n<p>&nbsp;<\/p>\n","protected":false},"excerpt":{"rendered":"<p>AEROSAN+ este un dispozitiv medical utilizat pentru tratamentul \u015fi ameliorarea afec\u0163iunilor respiratorii. Este destinat \u00een principal utiliz\u0103rii la domiciliu. AEROSAN+ este prev\u0103zut cu un compresor cu piston care nu necesit\u0103 lubrifiere. Dispozitivul include un filtru de aer care trebuie \u00eenlocuit periodic (la fiecare 70 de utiliz\u0103ri). Este produs \u00een conformitate cu Standardele europene actuale privind [&hellip;]<\/p>\n","protected":false},"featured_media":260,"template":"","meta":[],"product_cat":[38,16],"product_tag":[22],"translation":{"provider":"WPGlobus","version":"3.0.2","language":"en","enabled_languages":["ro","en"],"languages":{"ro":{"title":true,"content":true,"excerpt":false},"en":{"title":false,"content":false,"excerpt":false}}},"_links":{"self":[{"href":"https:\/\/messermedical.ro\/en\/wp-json\/wp\/v2\/product\/120"}],"collection":[{"href":"https:\/\/messermedical.ro\/en\/wp-json\/wp\/v2\/product"}],"about":[{"href":"https:\/\/messermedical.ro\/en\/wp-json\/wp\/v2\/types\/product"}],"wp:featuredmedia":[{"embeddable":true,"href":"https:\/\/messermedical.ro\/en\/wp-json\/wp\/v2\/media\/260"}],"wp:attachment":[{"href":"https:\/\/messermedical.ro\/en\/wp-json\/wp\/v2\/media?parent=120"}],"wp:term":[{"taxonomy":"product_cat","embeddable":true,"href":"https:\/\/messermedical.ro\/en\/wp-json\/wp\/v2\/product_cat?post=120"},{"taxonomy":"product_tag","embeddable":true,"href":"https:\/\/messermedical.ro\/en\/wp-json\/wp\/v2\/product_tag?post=120"}],"curies":[{"name":"wp","href":"https:\/\/api.w.org\/{rel}","templated":true}]}}