{"id":122,"date":"2021-01-16T19:46:15","date_gmt":"2021-01-16T17:46:15","guid":{"rendered":"http:\/\/messer-medical.ro\/?post_type=product&#038;p=122"},"modified":"2021-06-02T13:15:52","modified_gmt":"2021-06-02T10:15:52","slug":"cpap-rm","status":"publish","type":"product","link":"https:\/\/messermedical.ro\/en\/product\/cpap-rm\/","title":{"rendered":"CPAP RM"},"content":{"rendered":"<table width=\"1790\">\n<tbody>\n<tr>\n<td width=\"1790\">CPAP S9 Escape ResMed. Avantajele platformei S9:\u00a0 ClimateControl, Umidificator H5i cu \u00eenc\u0103lzire, Tehnologie Easy-Breathe cu EPR,\u00a0 Stocarea datelor aferente ultimelor 365 de zile, Tubulatur\u0103 SlimLine, Design estetic, Interfa\u0163\u0103 utilizator: LCD color, Compatibilitate cu Embletta \u015fi TxLink. \u2022 Confortabil \u2022 Silen\u0163ios \u2022 Preferat de pacien\u0163i \u2022 Umidificare performant\u0103 \u2022 Prietenos \u2022 Fara condens<\/td>\n<\/tr>\n<\/tbody>\n<\/table>\n","protected":false},"excerpt":{"rendered":"<p>CPAP S9 Escape ResMed. Avantajele platformei S9:\u00a0 ClimateControl, Umidificator H5i cu \u00eenc\u0103lzire, Tehnologie Easy-Breathe cu EPR,\u00a0 Stocarea datelor aferente ultimelor 365 de zile, Tubulatur\u0103 SlimLine, Design estetic, Interfa\u0163\u0103 utilizator: LCD color, Compatibilitate cu Embletta \u015fi TxLink. \u2022 Confortabil \u2022 Silen\u0163ios \u2022 Preferat de pacien\u0163i \u2022 Umidificare performant\u0103 \u2022 Prietenos \u2022 Fara condens<\/p>\n","protected":false},"featured_media":275,"template":"","meta":[],"product_cat":[47,23],"product_tag":[26],"translation":{"provider":"WPGlobus","version":"3.0.2","language":"en","enabled_languages":["ro","en"],"languages":{"ro":{"title":true,"content":true,"excerpt":false},"en":{"title":false,"content":false,"excerpt":false}}},"_links":{"self":[{"href":"https:\/\/messermedical.ro\/en\/wp-json\/wp\/v2\/product\/122"}],"collection":[{"href":"https:\/\/messermedical.ro\/en\/wp-json\/wp\/v2\/product"}],"about":[{"href":"https:\/\/messermedical.ro\/en\/wp-json\/wp\/v2\/types\/product"}],"wp:featuredmedia":[{"embeddable":true,"href":"https:\/\/messermedical.ro\/en\/wp-json\/wp\/v2\/media\/275"}],"wp:attachment":[{"href":"https:\/\/messermedical.ro\/en\/wp-json\/wp\/v2\/media?parent=122"}],"wp:term":[{"taxonomy":"product_cat","embeddable":true,"href":"https:\/\/messermedical.ro\/en\/wp-json\/wp\/v2\/product_cat?post=122"},{"taxonomy":"product_tag","embeddable":true,"href":"https:\/\/messermedical.ro\/en\/wp-json\/wp\/v2\/product_tag?post=122"}],"curies":[{"name":"wp","href":"https:\/\/api.w.org\/{rel}","templated":true}]}}